{"id":1359,"date":"2024-02-12T19:17:45","date_gmt":"2024-02-12T18:17:45","guid":{"rendered":"https:\/\/abc-trans.hr\/airport-transfers-sibenik\/"},"modified":"2025-04-21T19:51:54","modified_gmt":"2025-04-21T18:51:54","slug":"airport-transfers-sibenik","status":"publish","type":"page","link":"https:\/\/abc-trans.hr\/hr\/airport-transfers-sibenik\/","title":{"rendered":"Prijevoz"},"content":{"rendered":"\n\n\n\n\n<h1 [object NamedNodeMap]><br>    <a style=\"color: #ffffff; text-decoration: none;\" href=\"https:\/\/abc-trans.hr\/hr\/airport-transfers-sibenik\/\"><br>        <strong>ZRA\u010cNE LUKE I GRADSKI PRIJEVOZ \u0160IBENIK <\/strong><br>    <\/a><br><\/h1>\n\n\n<h2 style=\"text-align: center; font-size: 1.75rem; font-family: Georgia, serif; color: #ffffff;\">\n   Pouzdan prijevoz do zra\u010dne luke \u0160ibenik \u2013 \u0160ibenik Taxi \n<\/h2>  \n<p style=\"text-align: center; font-size: 1rem; font-family: Arial, sans-serif; color: #ffffff;\">  \n    Putujte bez stresa uz ABC Taxi! U\u017eivajte u besprijekornim prijevozima iz zra\u010dne luke \u0160ibenik do vrhunskih odredi\u0161ta kao \u0161to su Split, Zadar, Zagreb, Dubrovnik, Rijeka i Pula. Na\u0161i profesionalni voza\u010di osiguravaju sigurno, udobno i pravovremeno putovanje dok vi sjedite i divite se prekrasnom krajoliku. Rezervirajte svoj prijevoz do zra\u010dne luke \u0160ibenik ve\u0107 danas i iskusite vrhunsku uslugu uz Taxi \u0160ibenik! \n<\/p>\n\n\n\n<h3 style=\"text-align: center; font-size: 1.25rem; font-family: Georgia, serif; color: #ffffff;\">\n    Udaljenost i vrijeme putovanja \u2013 \u0160ibenik do Splita  \n<\/h3>  \n<p style=\"text-align: center; font-size: 0.875rem; font-family: Georgia, serif; color: #ffffff;\">  \n    Udaljenost od \u0160ibenika do Splita iznosi oko 90 kilometara, a procijenjeno vrijeme putovanja je oko 1 sat.  \n<\/p>\n\n\n\n<h3 style=\"text-align: center; font-size: 1.25rem; font-family: Georgia, serif; color: #ffffff;\">\n    Udaljenost i vrijeme putovanja \u2013 \u0160ibenik do Zadra   \n<\/h3>  \n<h4 style=\"text-align: center; font-size: 0.875rem; font-family: Georgia, serif; color: #ffffff;\">  \n    Udaljenost od \u0160ibenika do Zadra iznosi oko 85 kilometara, a procijenjeno vrijeme putovanja je oko 1 sat i 15 minuta.   \n<\/h4>\n\n\n\n\n<h3 style=\"text-align: center; font-size: 1.25rem; font-family: Georgia, serif; color: #ffffff;\">\n    Udaljenost i vrijeme putovanja \u2013 \u0160ibenik do Zagreba   \n<\/h3>  \n<h4 style=\"text-align: center; font-size: 0.875rem; font-family: Georgia, serif; color: #ffffff;\">  \n    Udaljenost od \u0160ibenika do Zagreba iznosi oko 330 kilometara, a procijenjeno vrijeme putovanja je oko 4 sata. \n<\/h4>\n\n\n\n\n\n\n<h3 style=\"text-align: center; font-size: 1.25rem; font-family: Georgia, serif; color: #ffffff;\">\n    Udaljenost i vrijeme putovanja \u2013 \u0160ibenik do Dubrovnika\n<\/h3>  \n<h4 style=\"text-align: center; font-size: 0.875rem; font-family: Georgia, serif; color: #ffffff;\">  \n    Udaljenost od \u0160ibenika do Dubrovnika iznosi oko 300 kilometara, a procijenjeno vrijeme putovanja je oko 3 sata i 30 minuta.  \n<\/h4>\n\n\n\n\n<h3 style=\"text-align: center; font-size: 1.25rem; font-family: Georgia, serif; color: #ffffff;\">\n    Udaljenost i vrijeme putovanja \u2013 \u0160ibenik do Pule   \n<\/h3>  \n<h4 style=\"text-align: center; font-size: 0.875rem; font-family: Georgia, serif; color: #ffffff;\">  \nUdaljenost od \u0160ibenika do Pule iznosi oko 430 kilometara, a procijenjeno vrijeme putovanja je oko 4 sata i 30 minuta.   \n<\/h4>\n\n\n\n\n<h3 style=\"text-align: center; font-size: 1.25rem; font-family: Georgia, serif; color: #ffffff;\">\n    Udaljenost i vrijeme putovanja \u2013 \u0160ibenik do Sarajeva \n<\/h3>  \n<h4 style=\"text-align: center; font-size: 0.875rem; font-family: Georgia, serif; color: #ffffff;\">  \n Udaljenost od \u0160ibenika do Sarajeva iznosi oko 330 kilometara, a procijenjeno vrijeme putovanja je oko 4 sata. \n<\/h4>\n\n\n\n\n\n\n<h3 style=\"text-align: center; font-size: 1.25rem; font-family: Georgia, serif; color: #ffffff;\">\n    Udaljenost i vrijeme putovanja \u2013 \u0160ibenik do Rijeke   \n<\/h3>  \n<h4 style=\"text-align: center; font-size: 0.875rem; font-family: Georgia, serif; color: #ffffff;\">  \n Udaljenost od \u0160ibenika do Rijeke iznosi oko 280 kilometara, a procijenjeno vrijeme putovanja je oko 3 sata i 20 minuta. \n<\/h4>\n\n\n\n\n<h3 style=\"text-align: center; font-size: 1.25rem; font-family: Georgia, serif; color: #ffffff;\">\nPrijevoz \u0160ibenik do zra\u010dne luke Frankfurt ili grada Frankfurta \n<\/h3>  \n<h4 style=\"text-align: center; font-size: 0.875rem; font-family: Georgia, serif; color: #ffffff;\">  \nUdaljenost od \u0160ibenika do Frankfurta iznosi oko 1200 kilometara, a procijenjeno vrijeme putovanja je oko 13 sati i 30 minuta.\n<\/h4>\n\n\n\n\n<h3 style=\"text-align: center; font-size: 1.25rem; font-family: Georgia, serif; color: #ffffff;\">\nUdaljenost i vrijeme putovanja \u2013 \u0160ibenik do Trsta \n<\/h3>  \n<h4 style=\"text-align: center; font-size: 0.875rem; font-family: Georgia, serif; color: #ffffff;\">  \nUdaljenost od \u0160ibenika do Trsta iznosi oko 460 kilometara, a procijenjeno vrijeme putovanja je oko 5 sati i 10 minuta. \n<\/h4>\n\n\n\n\n\n","protected":false},"excerpt":{"rendered":"","protected":false},"author":1,"featured_media":0,"parent":0,"menu_order":0,"comment_status":"closed","ping_status":"closed","template":"","meta":{"pagelayer_contact_templates":[],"_pagelayer_content":"","footnotes":""},"class_list":["post-1359","page","type-page","status-publish","hentry"],"yoast_head":"<!-- This site is optimized with the Yoast SEO plugin v27.4 - https:\/\/yoast.com\/product\/yoast-seo-wordpress\/ -->\n<title>Airport Transfer \u0160ibenik | Reliable &amp; Comfortable Taxi Service<\/title>\n<meta name=\"description\" content=\"Need a reliable airport transfer from \u0160ibenik? Book your safe and stress-free ride to Split, Zadar, or any airport in Croatia today!\" \/>\n<meta name=\"robots\" content=\"index, follow, max-snippet:-1, max-image-preview:large, max-video-preview:-1\" \/>\n<link rel=\"canonical\" href=\"https:\/\/abc-trans.hr\/hr\/airport-transfers-sibenik\/\" \/>\n<meta property=\"og:locale\" content=\"hr_HR\" \/>\n<meta property=\"og:type\" content=\"article\" \/>\n<meta property=\"og:title\" content=\"Airport Transfer \u0160ibenik | Reliable &amp; Comfortable Taxi Service\" \/>\n<meta property=\"og:description\" content=\"Need a reliable airport transfer from \u0160ibenik? Book your safe and stress-free ride to Split, Zadar, or any airport in Croatia today!\" \/>\n<meta property=\"og:url\" content=\"https:\/\/abc-trans.hr\/hr\/airport-transfers-sibenik\/\" \/>\n<meta property=\"og:site_name\" content=\"Taxi Sibenik - Sibenik Airport Transfer\" \/>\n<meta property=\"article:publisher\" content=\"https:\/\/www.facebook.com\/profile.php?id=100083106198872\" \/>\n<meta property=\"article:modified_time\" content=\"2025-04-21T18:51:54+00:00\" \/>\n<meta property=\"og:image\" content=\"https:\/\/abc-trans.hr\/wp-content\/uploads\/2025\/02\/vip-transfers-sibenik.jpg\" \/>\n\t<meta property=\"og:image:width\" content=\"2066\" \/>\n\t<meta property=\"og:image:height\" content=\"1181\" \/>\n\t<meta property=\"og:image:type\" content=\"image\/jpeg\" \/>\n<meta name=\"twitter:card\" content=\"summary_large_image\" \/>\n<meta name=\"twitter:label1\" content=\"Procijenjeno vrijeme \u010ditanja\" \/>\n\t<meta name=\"twitter:data1\" content=\"2 minute\" \/>\n<script type=\"application\/ld+json\" class=\"yoast-schema-graph\">{\"@context\":\"https:\\\/\\\/schema.org\",\"@graph\":[{\"@type\":\"WebPage\",\"@id\":\"https:\\\/\\\/abc-trans.hr\\\/hr\\\/airport-transfers-sibenik\\\/\",\"url\":\"https:\\\/\\\/abc-trans.hr\\\/hr\\\/airport-transfers-sibenik\\\/\",\"name\":\"Airport Transfer \u0160ibenik | Reliable & Comfortable Taxi Service\",\"isPartOf\":{\"@id\":\"https:\\\/\\\/abc-trans.hr\\\/#website\"},\"datePublished\":\"2024-02-12T18:17:45+00:00\",\"dateModified\":\"2025-04-21T18:51:54+00:00\",\"description\":\"Need a reliable airport transfer from \u0160ibenik? Book your safe and stress-free ride to Split, Zadar, or any airport in Croatia today!\",\"breadcrumb\":{\"@id\":\"https:\\\/\\\/abc-trans.hr\\\/hr\\\/airport-transfers-sibenik\\\/#breadcrumb\"},\"inLanguage\":\"hr\",\"potentialAction\":[{\"@type\":\"ReadAction\",\"target\":[\"https:\\\/\\\/abc-trans.hr\\\/hr\\\/airport-transfers-sibenik\\\/\"]}]},{\"@type\":\"BreadcrumbList\",\"@id\":\"https:\\\/\\\/abc-trans.hr\\\/hr\\\/airport-transfers-sibenik\\\/#breadcrumb\",\"itemListElement\":[{\"@type\":\"ListItem\",\"position\":1,\"name\":\"Home\",\"item\":\"https:\\\/\\\/abc-trans.hr\\\/hr\\\/\"},{\"@type\":\"ListItem\",\"position\":2,\"name\":\"Prijevoz\"}]},{\"@type\":\"WebSite\",\"@id\":\"https:\\\/\\\/abc-trans.hr\\\/#website\",\"url\":\"https:\\\/\\\/abc-trans.hr\\\/\",\"name\":\"Sibenik Taxi & Transfer Service | Airport Transfers & Excursions (Split, Zadar)\",\"description\":\"Taxi Sibenik, Taxi Skradin, Taxi Vodice, Taxi Primosten, Airport Transfers\",\"publisher\":{\"@id\":\"https:\\\/\\\/abc-trans.hr\\\/#organization\"},\"alternateName\":\"Sibenik Taxi & Airport Transfer Split Zadar\",\"potentialAction\":[{\"@type\":\"SearchAction\",\"target\":{\"@type\":\"EntryPoint\",\"urlTemplate\":\"https:\\\/\\\/abc-trans.hr\\\/?s={search_term_string}\"},\"query-input\":{\"@type\":\"PropertyValueSpecification\",\"valueRequired\":true,\"valueName\":\"search_term_string\"}}],\"inLanguage\":\"hr\"},{\"@type\":\"Organization\",\"@id\":\"https:\\\/\\\/abc-trans.hr\\\/#organization\",\"name\":\"ABC Trans Sibenik, vl. Jakov Serajlic\",\"url\":\"https:\\\/\\\/abc-trans.hr\\\/\",\"logo\":{\"@type\":\"ImageObject\",\"inLanguage\":\"hr\",\"@id\":\"https:\\\/\\\/abc-trans.hr\\\/#\\\/schema\\\/logo\\\/image\\\/\",\"url\":\"https:\\\/\\\/abc-trans.hr\\\/wp-content\\\/uploads\\\/2023\\\/07\\\/cropped-2560px-Fake_Taxi_logo.svg_.png\",\"contentUrl\":\"https:\\\/\\\/abc-trans.hr\\\/wp-content\\\/uploads\\\/2023\\\/07\\\/cropped-2560px-Fake_Taxi_logo.svg_.png\",\"width\":394,\"height\":97,\"caption\":\"ABC Trans Sibenik, vl. Jakov Serajlic\"},\"image\":{\"@id\":\"https:\\\/\\\/abc-trans.hr\\\/#\\\/schema\\\/logo\\\/image\\\/\"},\"sameAs\":[\"https:\\\/\\\/www.facebook.com\\\/profile.php?id=100083106198872\"]}]}<\/script>\n<!-- \/ Yoast SEO plugin. -->","yoast_head_json":{"title":"Airport Transfer \u0160ibenik | Reliable & Comfortable Taxi Service","description":"Need a reliable airport transfer from \u0160ibenik? Book your safe and stress-free ride to Split, Zadar, or any airport in Croatia today!","robots":{"index":"index","follow":"follow","max-snippet":"max-snippet:-1","max-image-preview":"max-image-preview:large","max-video-preview":"max-video-preview:-1"},"canonical":"https:\/\/abc-trans.hr\/hr\/airport-transfers-sibenik\/","og_locale":"hr_HR","og_type":"article","og_title":"Airport Transfer \u0160ibenik | Reliable & Comfortable Taxi Service","og_description":"Need a reliable airport transfer from \u0160ibenik? Book your safe and stress-free ride to Split, Zadar, or any airport in Croatia today!","og_url":"https:\/\/abc-trans.hr\/hr\/airport-transfers-sibenik\/","og_site_name":"Taxi Sibenik - Sibenik Airport Transfer","article_publisher":"https:\/\/www.facebook.com\/profile.php?id=100083106198872","article_modified_time":"2025-04-21T18:51:54+00:00","og_image":[{"width":2066,"height":1181,"url":"https:\/\/abc-trans.hr\/wp-content\/uploads\/2025\/02\/vip-transfers-sibenik.jpg","type":"image\/jpeg"}],"twitter_card":"summary_large_image","twitter_misc":{"Procijenjeno vrijeme \u010ditanja":"2 minute"},"schema":{"@context":"https:\/\/schema.org","@graph":[{"@type":"WebPage","@id":"https:\/\/abc-trans.hr\/hr\/airport-transfers-sibenik\/","url":"https:\/\/abc-trans.hr\/hr\/airport-transfers-sibenik\/","name":"Airport Transfer \u0160ibenik | Reliable & Comfortable Taxi Service","isPartOf":{"@id":"https:\/\/abc-trans.hr\/#website"},"datePublished":"2024-02-12T18:17:45+00:00","dateModified":"2025-04-21T18:51:54+00:00","description":"Need a reliable airport transfer from \u0160ibenik? Book your safe and stress-free ride to Split, Zadar, or any airport in Croatia today!","breadcrumb":{"@id":"https:\/\/abc-trans.hr\/hr\/airport-transfers-sibenik\/#breadcrumb"},"inLanguage":"hr","potentialAction":[{"@type":"ReadAction","target":["https:\/\/abc-trans.hr\/hr\/airport-transfers-sibenik\/"]}]},{"@type":"BreadcrumbList","@id":"https:\/\/abc-trans.hr\/hr\/airport-transfers-sibenik\/#breadcrumb","itemListElement":[{"@type":"ListItem","position":1,"name":"Home","item":"https:\/\/abc-trans.hr\/hr\/"},{"@type":"ListItem","position":2,"name":"Prijevoz"}]},{"@type":"WebSite","@id":"https:\/\/abc-trans.hr\/#website","url":"https:\/\/abc-trans.hr\/","name":"Sibenik Taxi & Transfer Service | Airport Transfers & Excursions (Split, Zadar)","description":"Taxi Sibenik, Taxi Skradin, Taxi Vodice, Taxi Primosten, Airport Transfers","publisher":{"@id":"https:\/\/abc-trans.hr\/#organization"},"alternateName":"Sibenik Taxi & Airport Transfer Split Zadar","potentialAction":[{"@type":"SearchAction","target":{"@type":"EntryPoint","urlTemplate":"https:\/\/abc-trans.hr\/?s={search_term_string}"},"query-input":{"@type":"PropertyValueSpecification","valueRequired":true,"valueName":"search_term_string"}}],"inLanguage":"hr"},{"@type":"Organization","@id":"https:\/\/abc-trans.hr\/#organization","name":"ABC Trans Sibenik, vl. Jakov Serajlic","url":"https:\/\/abc-trans.hr\/","logo":{"@type":"ImageObject","inLanguage":"hr","@id":"https:\/\/abc-trans.hr\/#\/schema\/logo\/image\/","url":"https:\/\/abc-trans.hr\/wp-content\/uploads\/2023\/07\/cropped-2560px-Fake_Taxi_logo.svg_.png","contentUrl":"https:\/\/abc-trans.hr\/wp-content\/uploads\/2023\/07\/cropped-2560px-Fake_Taxi_logo.svg_.png","width":394,"height":97,"caption":"ABC Trans Sibenik, vl. Jakov Serajlic"},"image":{"@id":"https:\/\/abc-trans.hr\/#\/schema\/logo\/image\/"},"sameAs":["https:\/\/www.facebook.com\/profile.php?id=100083106198872"]}]}},"_links":{"self":[{"href":"https:\/\/abc-trans.hr\/hr\/wp-json\/wp\/v2\/pages\/1359","targetHints":{"allow":["GET"]}}],"collection":[{"href":"https:\/\/abc-trans.hr\/hr\/wp-json\/wp\/v2\/pages"}],"about":[{"href":"https:\/\/abc-trans.hr\/hr\/wp-json\/wp\/v2\/types\/page"}],"author":[{"embeddable":true,"href":"https:\/\/abc-trans.hr\/hr\/wp-json\/wp\/v2\/users\/1"}],"replies":[{"embeddable":true,"href":"https:\/\/abc-trans.hr\/hr\/wp-json\/wp\/v2\/comments?post=1359"}],"version-history":[{"count":10,"href":"https:\/\/abc-trans.hr\/hr\/wp-json\/wp\/v2\/pages\/1359\/revisions"}],"predecessor-version":[{"id":1554,"href":"https:\/\/abc-trans.hr\/hr\/wp-json\/wp\/v2\/pages\/1359\/revisions\/1554"}],"wp:attachment":[{"href":"https:\/\/abc-trans.hr\/hr\/wp-json\/wp\/v2\/media?parent=1359"}],"curies":[{"name":"wp","href":"https:\/\/api.w.org\/{rel}","templated":true}]}}