{"id":1380,"date":"2024-04-06T00:39:04","date_gmt":"2024-04-05T23:39:04","guid":{"rendered":"https:\/\/abc-trans.hr\/transfer-sibenik-zagreb-airport\/"},"modified":"2025-04-21T19:54:39","modified_gmt":"2025-04-21T18:54:39","slug":"prijevoz-iz-zracne-luke-zagreb-do-sibenika","status":"publish","type":"page","link":"https:\/\/abc-trans.hr\/hr\/prijevoz-iz-zracne-luke-zagreb-do-sibenika\/","title":{"rendered":"Prijevoz iz zra\u010dne luke Zagreb do \u0160ibenika\u00a0"},"content":{"rendered":"\n\n\n\n\n\n\n\n\n<h1>Prijevoz iz zra\u010dne luke Zagreb do \u0160ibenika <\/h1>\n\n\n\n\n\n\n\n<p>Lorem Ipsum has been the industry&#8217;s standard dummy text ever since the 1500s.<\/p>\n\n\n\n\n\n<h2>Pouzdan prijevoz iz \u0160ibenika do Zra\u010dne luke Zagreb i grada Zagreba <\/h2>\n\n\n\n<p>Tra\u017eite udoban i pouzdan taxi prijevoz od \u0160ibenika do Zra\u010dne luke Zagreb ili obrnuto? ABC \u0160ibenik Taxi nudi profesionalan, brz i fiksni prijevoz luksuznim vozilima i iskusnim voza\u010dima. <\/p>\n\n\n\n\n\n\n\n<h3>Pla\u0107anje karticom ili gotovinom <\/h3>\n\n\n\n<p>Pla\u0107anje va\u0161eg prijevoza mo\u017ee se izvr\u0161iti izravno u vozilu. Prihva\u0107amo i gotovinsko i karti\u010dno pla\u0107anje. Imajte na umu da se rezervacija prijevoza unaprijed ne napla\u0107uje\u2014pla\u0107anje se vr\u0161i kada stignete na odredi\u0161te.<\/p>\n\n\n\n<h2>Detalji preuzimanja prijevoza u \u0160ibeniku<\/h2>\n\n\n\n<p>Zra\u010dna luka Zagreb: preuzimanje je na dolaznom terminalu, uz uklju\u010denu pomo\u0107 oko prtljage. Tijekom ljeta, vozilo je potpuno klimatizirano za va\u0161u udobnost. <\/p>\n\n\n\n<p>\u0160ibenik: Preuzimanje je na mjestu koje \u017eelite, kao \u0161to je hotel, apartman ili bilo koji drugi smje\u0161taj. <\/p>\n\n\n\n<h2>Cijena transfera Zagreb &#8211; \u0160ibenik<\/h2>\n\n\n\n<p>Cijena va\u0161eg prijevoza ovisi o vremenu preuzimanja i va\u0161im \u017eeljama. Mo\u017eete birati izme\u0111u Comfort vo\u017enje u Mazdi 6 ili VIP transfera u luksuznom elektri\u010dnom Audiju Q4. <br>Za to\u010dan iznos navedite podatke o preuzimanju, a mi \u0107emo vam se javiti s najboljom ponudom. Kontaktirajte nas za vi\u0161e informacija! <\/strong><\/p>\n\n\n\n\n\n\n\n\n\nPOGODNOSTI <br>\n\n\n\n\n\n<p><font color=\"#ffffff\"><span style=\"font-size: 14px;\">U\u017eivajte u BESPLATNOM Wi-Fi-ju tijekom vo\u017enje, \u010dime \u0107ete ostati povezani tijekom cijelog putovanja. <\/span><\/font><\/p>\n\n\n\n\n\n<p><font color=\"#ffffff\"><span style=\"font-size: 14px;\">Gotovina, kreditne i debitne kartice, beskontaktna pla\u0107anja, online pla\u0107anja, bankovni prijenos.<\/span><\/font><\/p>\n\n\n\n\n\n<p><font color=\"#ffffff\"><span style=\"font-size: 14px;\">Ako trebate bilo kakvu personaliziranu uslugu, mo\u017eete je unaprijed naru\u010diti prilikom rezervacije.\u00a0<\/span><\/font><\/p>\n\n\n\n\n","protected":false},"excerpt":{"rendered":"","protected":false},"author":1,"featured_media":0,"parent":0,"menu_order":0,"comment_status":"closed","ping_status":"closed","template":"","meta":{"pagelayer_contact_templates":[],"_pagelayer_content":"","footnotes":""},"class_list":["post-1380","page","type-page","status-publish","hentry"],"yoast_head":"<!-- This site is optimized with the Yoast SEO plugin v27.4 - https:\/\/yoast.com\/product\/yoast-seo-wordpress\/ -->\n<title>\u0160ibenik Taxi &amp; Transfer Service<\/title>\n<meta name=\"robots\" content=\"index, follow, max-snippet:-1, max-image-preview:large, max-video-preview:-1\" \/>\n<link rel=\"canonical\" href=\"https:\/\/abc-trans.hr\/hr\/prijevoz-iz-zracne-luke-zagreb-do-sibenika\/\" \/>\n<meta property=\"og:locale\" content=\"hr_HR\" \/>\n<meta property=\"og:type\" content=\"article\" \/>\n<meta property=\"og:title\" content=\"\u0160ibenik Taxi &amp; Transfer Service\" \/>\n<meta property=\"og:url\" content=\"https:\/\/abc-trans.hr\/hr\/prijevoz-iz-zracne-luke-zagreb-do-sibenika\/\" \/>\n<meta property=\"og:site_name\" content=\"Taxi Sibenik - Sibenik Airport Transfer\" \/>\n<meta property=\"article:publisher\" content=\"https:\/\/www.facebook.com\/profile.php?id=100083106198872\" \/>\n<meta property=\"article:modified_time\" content=\"2025-04-21T18:54:39+00:00\" \/>\n<meta property=\"og:image\" content=\"https:\/\/abc-trans.hr\/wp-content\/uploads\/2025\/02\/vip-transfers-sibenik.jpg\" \/>\n\t<meta property=\"og:image:width\" content=\"2066\" \/>\n\t<meta property=\"og:image:height\" content=\"1181\" \/>\n\t<meta property=\"og:image:type\" content=\"image\/jpeg\" \/>\n<meta name=\"twitter:card\" content=\"summary_large_image\" \/>\n<meta name=\"twitter:label1\" content=\"Procijenjeno vrijeme \u010ditanja\" \/>\n\t<meta name=\"twitter:data1\" content=\"1 minuta\" \/>\n<script type=\"application\/ld+json\" class=\"yoast-schema-graph\">{\"@context\":\"https:\\\/\\\/schema.org\",\"@graph\":[{\"@type\":\"WebPage\",\"@id\":\"https:\\\/\\\/abc-trans.hr\\\/hr\\\/prijevoz-iz-zracne-luke-zagreb-do-sibenika\\\/\",\"url\":\"https:\\\/\\\/abc-trans.hr\\\/hr\\\/prijevoz-iz-zracne-luke-zagreb-do-sibenika\\\/\",\"name\":\"\u0160ibenik Taxi & Transfer Service\",\"isPartOf\":{\"@id\":\"https:\\\/\\\/abc-trans.hr\\\/#website\"},\"datePublished\":\"2024-04-05T23:39:04+00:00\",\"dateModified\":\"2025-04-21T18:54:39+00:00\",\"breadcrumb\":{\"@id\":\"https:\\\/\\\/abc-trans.hr\\\/hr\\\/prijevoz-iz-zracne-luke-zagreb-do-sibenika\\\/#breadcrumb\"},\"inLanguage\":\"hr\",\"potentialAction\":[{\"@type\":\"ReadAction\",\"target\":[\"https:\\\/\\\/abc-trans.hr\\\/hr\\\/prijevoz-iz-zracne-luke-zagreb-do-sibenika\\\/\"]}]},{\"@type\":\"BreadcrumbList\",\"@id\":\"https:\\\/\\\/abc-trans.hr\\\/hr\\\/prijevoz-iz-zracne-luke-zagreb-do-sibenika\\\/#breadcrumb\",\"itemListElement\":[{\"@type\":\"ListItem\",\"position\":1,\"name\":\"Home\",\"item\":\"https:\\\/\\\/abc-trans.hr\\\/hr\\\/\"},{\"@type\":\"ListItem\",\"position\":2,\"name\":\"Prijevoz iz zra\u010dne luke Zagreb do \u0160ibenika\u00a0\"}]},{\"@type\":\"WebSite\",\"@id\":\"https:\\\/\\\/abc-trans.hr\\\/#website\",\"url\":\"https:\\\/\\\/abc-trans.hr\\\/\",\"name\":\"Sibenik Taxi & Transfer Service | Airport Transfers & Excursions (Split, Zadar)\",\"description\":\"Taxi Sibenik, Taxi Skradin, Taxi Vodice, Taxi Primosten, Airport Transfers\",\"publisher\":{\"@id\":\"https:\\\/\\\/abc-trans.hr\\\/#organization\"},\"alternateName\":\"Sibenik Taxi & Airport Transfer Split Zadar\",\"potentialAction\":[{\"@type\":\"SearchAction\",\"target\":{\"@type\":\"EntryPoint\",\"urlTemplate\":\"https:\\\/\\\/abc-trans.hr\\\/?s={search_term_string}\"},\"query-input\":{\"@type\":\"PropertyValueSpecification\",\"valueRequired\":true,\"valueName\":\"search_term_string\"}}],\"inLanguage\":\"hr\"},{\"@type\":\"Organization\",\"@id\":\"https:\\\/\\\/abc-trans.hr\\\/#organization\",\"name\":\"ABC Trans Sibenik, vl. Jakov Serajlic\",\"url\":\"https:\\\/\\\/abc-trans.hr\\\/\",\"logo\":{\"@type\":\"ImageObject\",\"inLanguage\":\"hr\",\"@id\":\"https:\\\/\\\/abc-trans.hr\\\/#\\\/schema\\\/logo\\\/image\\\/\",\"url\":\"https:\\\/\\\/abc-trans.hr\\\/wp-content\\\/uploads\\\/2023\\\/07\\\/cropped-2560px-Fake_Taxi_logo.svg_.png\",\"contentUrl\":\"https:\\\/\\\/abc-trans.hr\\\/wp-content\\\/uploads\\\/2023\\\/07\\\/cropped-2560px-Fake_Taxi_logo.svg_.png\",\"width\":394,\"height\":97,\"caption\":\"ABC Trans Sibenik, vl. Jakov Serajlic\"},\"image\":{\"@id\":\"https:\\\/\\\/abc-trans.hr\\\/#\\\/schema\\\/logo\\\/image\\\/\"},\"sameAs\":[\"https:\\\/\\\/www.facebook.com\\\/profile.php?id=100083106198872\"]}]}<\/script>\n<!-- \/ Yoast SEO plugin. -->","yoast_head_json":{"title":"\u0160ibenik Taxi & Transfer Service","robots":{"index":"index","follow":"follow","max-snippet":"max-snippet:-1","max-image-preview":"max-image-preview:large","max-video-preview":"max-video-preview:-1"},"canonical":"https:\/\/abc-trans.hr\/hr\/prijevoz-iz-zracne-luke-zagreb-do-sibenika\/","og_locale":"hr_HR","og_type":"article","og_title":"\u0160ibenik Taxi & Transfer Service","og_url":"https:\/\/abc-trans.hr\/hr\/prijevoz-iz-zracne-luke-zagreb-do-sibenika\/","og_site_name":"Taxi Sibenik - Sibenik Airport Transfer","article_publisher":"https:\/\/www.facebook.com\/profile.php?id=100083106198872","article_modified_time":"2025-04-21T18:54:39+00:00","og_image":[{"width":2066,"height":1181,"url":"https:\/\/abc-trans.hr\/wp-content\/uploads\/2025\/02\/vip-transfers-sibenik.jpg","type":"image\/jpeg"}],"twitter_card":"summary_large_image","twitter_misc":{"Procijenjeno vrijeme \u010ditanja":"1 minuta"},"schema":{"@context":"https:\/\/schema.org","@graph":[{"@type":"WebPage","@id":"https:\/\/abc-trans.hr\/hr\/prijevoz-iz-zracne-luke-zagreb-do-sibenika\/","url":"https:\/\/abc-trans.hr\/hr\/prijevoz-iz-zracne-luke-zagreb-do-sibenika\/","name":"\u0160ibenik Taxi & Transfer Service","isPartOf":{"@id":"https:\/\/abc-trans.hr\/#website"},"datePublished":"2024-04-05T23:39:04+00:00","dateModified":"2025-04-21T18:54:39+00:00","breadcrumb":{"@id":"https:\/\/abc-trans.hr\/hr\/prijevoz-iz-zracne-luke-zagreb-do-sibenika\/#breadcrumb"},"inLanguage":"hr","potentialAction":[{"@type":"ReadAction","target":["https:\/\/abc-trans.hr\/hr\/prijevoz-iz-zracne-luke-zagreb-do-sibenika\/"]}]},{"@type":"BreadcrumbList","@id":"https:\/\/abc-trans.hr\/hr\/prijevoz-iz-zracne-luke-zagreb-do-sibenika\/#breadcrumb","itemListElement":[{"@type":"ListItem","position":1,"name":"Home","item":"https:\/\/abc-trans.hr\/hr\/"},{"@type":"ListItem","position":2,"name":"Prijevoz iz zra\u010dne luke Zagreb do \u0160ibenika\u00a0"}]},{"@type":"WebSite","@id":"https:\/\/abc-trans.hr\/#website","url":"https:\/\/abc-trans.hr\/","name":"Sibenik Taxi & Transfer Service | Airport Transfers & Excursions (Split, Zadar)","description":"Taxi Sibenik, Taxi Skradin, Taxi Vodice, Taxi Primosten, Airport Transfers","publisher":{"@id":"https:\/\/abc-trans.hr\/#organization"},"alternateName":"Sibenik Taxi & Airport Transfer Split Zadar","potentialAction":[{"@type":"SearchAction","target":{"@type":"EntryPoint","urlTemplate":"https:\/\/abc-trans.hr\/?s={search_term_string}"},"query-input":{"@type":"PropertyValueSpecification","valueRequired":true,"valueName":"search_term_string"}}],"inLanguage":"hr"},{"@type":"Organization","@id":"https:\/\/abc-trans.hr\/#organization","name":"ABC Trans Sibenik, vl. Jakov Serajlic","url":"https:\/\/abc-trans.hr\/","logo":{"@type":"ImageObject","inLanguage":"hr","@id":"https:\/\/abc-trans.hr\/#\/schema\/logo\/image\/","url":"https:\/\/abc-trans.hr\/wp-content\/uploads\/2023\/07\/cropped-2560px-Fake_Taxi_logo.svg_.png","contentUrl":"https:\/\/abc-trans.hr\/wp-content\/uploads\/2023\/07\/cropped-2560px-Fake_Taxi_logo.svg_.png","width":394,"height":97,"caption":"ABC Trans Sibenik, vl. Jakov Serajlic"},"image":{"@id":"https:\/\/abc-trans.hr\/#\/schema\/logo\/image\/"},"sameAs":["https:\/\/www.facebook.com\/profile.php?id=100083106198872"]}]}},"_links":{"self":[{"href":"https:\/\/abc-trans.hr\/hr\/wp-json\/wp\/v2\/pages\/1380","targetHints":{"allow":["GET"]}}],"collection":[{"href":"https:\/\/abc-trans.hr\/hr\/wp-json\/wp\/v2\/pages"}],"about":[{"href":"https:\/\/abc-trans.hr\/hr\/wp-json\/wp\/v2\/types\/page"}],"author":[{"embeddable":true,"href":"https:\/\/abc-trans.hr\/hr\/wp-json\/wp\/v2\/users\/1"}],"replies":[{"embeddable":true,"href":"https:\/\/abc-trans.hr\/hr\/wp-json\/wp\/v2\/comments?post=1380"}],"version-history":[{"count":6,"href":"https:\/\/abc-trans.hr\/hr\/wp-json\/wp\/v2\/pages\/1380\/revisions"}],"predecessor-version":[{"id":1558,"href":"https:\/\/abc-trans.hr\/hr\/wp-json\/wp\/v2\/pages\/1380\/revisions\/1558"}],"wp:attachment":[{"href":"https:\/\/abc-trans.hr\/hr\/wp-json\/wp\/v2\/media?parent=1380"}],"curies":[{"name":"wp","href":"https:\/\/api.w.org\/{rel}","templated":true}]}}