{"id":1397,"date":"2024-02-11T23:21:25","date_gmt":"2024-02-11T22:21:25","guid":{"rendered":"https:\/\/abc-trans.hr\/vip-taxi-sibenik-airport-taxi-split-airport-taxi-zadar\/"},"modified":"2025-04-21T19:36:26","modified_gmt":"2025-04-21T18:36:26","slug":"vip-taxi-sibenik-airport-taxi-split-airport-taxi-zadar","status":"publish","type":"page","link":"https:\/\/abc-trans.hr\/hr\/vip-taxi-sibenik-airport-taxi-split-airport-taxi-zadar\/","title":{"rendered":"VIP Taxi Sibenik"},"content":{"rendered":"\n\n\n\n\n\n\n\n\n<h1>VIP Taxi &amp; prijevoz iz zra\u010dne luke \u0160ibenik <\/h1>\n\n\n\n\n\n\n\n\n\n<h1 [object NamedNodeMap]>VIP Taxi Sibenik &amp; Transfers<\/h1>\n\n\n\n<p><strong>VIP Taxi \u0160ibenik nudi vrhunske usluge taksija i prijevoza u \u0160ibeniku i okolici, s fokusom na udobnost, sigurnost i ekolo\u0161ku odr\u017eivost.<\/strong> <\/p>\n\n\n\n<p>Lorem Ipsum has been the industry&#8217;s standard dummy text ever since the 1500s.<\/p>\n\n\n\n<p>Ako trebate brzo sti\u0107i od zra\u010dne luke Split do \u0160ibenika, imati ekskluzivni taksi od zra\u010dne luke Zadar do hotela ili vas luksuzno voziti kroz sredi\u0161te grada, obe\u0107avamo vam najvi\u0161u razinu udobnosti, pouzdanosti i u\u010dinkovitosti <\/p>\n\n\n\n\n\n<p>Lorem Ipsum has been the industry&#8217;s standard dummy text ever since the 1500s.<\/p>\n\n\n\n<ul><li><span style=\"color: rgb(0, 0, 0); font-size: 16px; font-variant-numeric: normal !important; font-variant-east-asian: normal !important; font-variant-alternates: normal !important; font-variant-position: normal !important; font-variant-emoji: normal !important; line-height: 1.65em !important;\">Nudimo privatni prijevoz od i do Zra\u010dne luke Split i Zra\u010dne luke Zadar. \n<\/li><li>Profesionalna i diskretna usluga \u2013 iskusni voza\u010di koji osiguravaju nesmetano putovanje <\/li><li>Luksuzno i ekolo\u0161ki prihvatljivo vozilo \u2013 Putujte sa stilom s na\u0161im elektri\u010dnim Audijem Q4 <\/li><li>Prijevozi iz zra\u010dne luke \u2013 brza i pouzdana usluga do i od zra\u010dne luke Split i zra\u010dne luke Zadar <\/li><li>Sigurne i udobne vo\u017enje \u2013 Premium Sibenik Taxi slu\u017eba u \u0160ibeniku i okolici <\/li><li>Jednostavno online rezerviranje \u2013 Transparentne cijene bez skrivenih naknada <\/li><\/ul><\/span>\n\n\n\n\n\n\n\nPOGODNOSTI <br>\n\n\n\n\n\n<p><font color=\"#ffffff\"><span style=\"font-size: 14px;\">U\u017eivajte u BESPLATNOM Wi-Fi-ju tijekom vo\u017enje, \u010dime \u0107ete ostati povezani tijekom cijelog putovanja. <\/span><\/font><\/p>\n\n\n\n\n\n<p><font color=\"#ffffff\"><span style=\"font-size: 14px;\">Gotovina, kreditne i debitne kartice, beskontaktna pla\u0107anja, online pla\u0107anja, bankovni prijenos.<\/span><\/font><\/p>\n\n\n\n\n\n<p><font color=\"#ffffff\"><span style=\"font-size: 14px;\">Ako trebate bilo kakvu personaliziranu uslugu, mo\u017eete je unaprijed naru\u010diti prilikom rezervacije.\u00a0<\/span><\/font><\/p>\n\n\n\n\n","protected":false},"excerpt":{"rendered":"","protected":false},"author":1,"featured_media":0,"parent":0,"menu_order":0,"comment_status":"closed","ping_status":"closed","template":"","meta":{"pagelayer_contact_templates":[],"_pagelayer_content":"","footnotes":""},"class_list":["post-1397","page","type-page","status-publish","hentry"],"yoast_head":"<!-- This site is optimized with the Yoast SEO plugin v27.4 - https:\/\/yoast.com\/product\/yoast-seo-wordpress\/ -->\n<title>VIP Taxi Sibenik | Airport Taxi Split | Airport Taxi Zadar<\/title>\n<meta name=\"robots\" content=\"index, follow, max-snippet:-1, max-image-preview:large, max-video-preview:-1\" \/>\n<link rel=\"canonical\" href=\"https:\/\/abc-trans.hr\/hr\/vip-taxi-sibenik-airport-taxi-split-airport-taxi-zadar\/\" \/>\n<meta property=\"og:locale\" content=\"hr_HR\" \/>\n<meta property=\"og:type\" content=\"article\" \/>\n<meta property=\"og:title\" content=\"VIP Taxi Sibenik | Airport Taxi Split | Airport Taxi Zadar\" \/>\n<meta property=\"og:url\" content=\"https:\/\/abc-trans.hr\/hr\/vip-taxi-sibenik-airport-taxi-split-airport-taxi-zadar\/\" \/>\n<meta property=\"og:site_name\" content=\"Taxi Sibenik - Sibenik Airport Transfer\" \/>\n<meta property=\"article:publisher\" content=\"https:\/\/www.facebook.com\/profile.php?id=100083106198872\" \/>\n<meta property=\"article:modified_time\" content=\"2025-04-21T18:36:26+00:00\" \/>\n<meta property=\"og:image\" content=\"https:\/\/abc-trans.hr\/wp-content\/uploads\/2025\/02\/vip-transfers-sibenik.jpg\" \/>\n\t<meta property=\"og:image:width\" content=\"2066\" \/>\n\t<meta property=\"og:image:height\" content=\"1181\" \/>\n\t<meta property=\"og:image:type\" content=\"image\/jpeg\" \/>\n<meta name=\"twitter:card\" content=\"summary_large_image\" \/>\n<meta name=\"twitter:label1\" content=\"Procijenjeno vrijeme \u010ditanja\" \/>\n\t<meta name=\"twitter:data1\" content=\"1 minuta\" \/>\n<script type=\"application\/ld+json\" class=\"yoast-schema-graph\">{\"@context\":\"https:\\\/\\\/schema.org\",\"@graph\":[{\"@type\":\"WebPage\",\"@id\":\"https:\\\/\\\/abc-trans.hr\\\/hr\\\/vip-taxi-sibenik-airport-taxi-split-airport-taxi-zadar\\\/\",\"url\":\"https:\\\/\\\/abc-trans.hr\\\/hr\\\/vip-taxi-sibenik-airport-taxi-split-airport-taxi-zadar\\\/\",\"name\":\"VIP Taxi Sibenik | Airport Taxi Split | Airport Taxi Zadar\",\"isPartOf\":{\"@id\":\"https:\\\/\\\/abc-trans.hr\\\/#website\"},\"datePublished\":\"2024-02-11T22:21:25+00:00\",\"dateModified\":\"2025-04-21T18:36:26+00:00\",\"breadcrumb\":{\"@id\":\"https:\\\/\\\/abc-trans.hr\\\/hr\\\/vip-taxi-sibenik-airport-taxi-split-airport-taxi-zadar\\\/#breadcrumb\"},\"inLanguage\":\"hr\",\"potentialAction\":[{\"@type\":\"ReadAction\",\"target\":[\"https:\\\/\\\/abc-trans.hr\\\/hr\\\/vip-taxi-sibenik-airport-taxi-split-airport-taxi-zadar\\\/\"]}]},{\"@type\":\"BreadcrumbList\",\"@id\":\"https:\\\/\\\/abc-trans.hr\\\/hr\\\/vip-taxi-sibenik-airport-taxi-split-airport-taxi-zadar\\\/#breadcrumb\",\"itemListElement\":[{\"@type\":\"ListItem\",\"position\":1,\"name\":\"Home\",\"item\":\"https:\\\/\\\/abc-trans.hr\\\/hr\\\/\"},{\"@type\":\"ListItem\",\"position\":2,\"name\":\"VIP Taxi Sibenik\"}]},{\"@type\":\"WebSite\",\"@id\":\"https:\\\/\\\/abc-trans.hr\\\/#website\",\"url\":\"https:\\\/\\\/abc-trans.hr\\\/\",\"name\":\"Sibenik Taxi & Transfer Service | Airport Transfers & Excursions (Split, Zadar)\",\"description\":\"Taxi Sibenik, Taxi Skradin, Taxi Vodice, Taxi Primosten, Airport Transfers\",\"publisher\":{\"@id\":\"https:\\\/\\\/abc-trans.hr\\\/#organization\"},\"alternateName\":\"Sibenik Taxi & Airport Transfer Split Zadar\",\"potentialAction\":[{\"@type\":\"SearchAction\",\"target\":{\"@type\":\"EntryPoint\",\"urlTemplate\":\"https:\\\/\\\/abc-trans.hr\\\/?s={search_term_string}\"},\"query-input\":{\"@type\":\"PropertyValueSpecification\",\"valueRequired\":true,\"valueName\":\"search_term_string\"}}],\"inLanguage\":\"hr\"},{\"@type\":\"Organization\",\"@id\":\"https:\\\/\\\/abc-trans.hr\\\/#organization\",\"name\":\"ABC Trans Sibenik, vl. Jakov Serajlic\",\"url\":\"https:\\\/\\\/abc-trans.hr\\\/\",\"logo\":{\"@type\":\"ImageObject\",\"inLanguage\":\"hr\",\"@id\":\"https:\\\/\\\/abc-trans.hr\\\/#\\\/schema\\\/logo\\\/image\\\/\",\"url\":\"https:\\\/\\\/abc-trans.hr\\\/wp-content\\\/uploads\\\/2023\\\/07\\\/cropped-2560px-Fake_Taxi_logo.svg_.png\",\"contentUrl\":\"https:\\\/\\\/abc-trans.hr\\\/wp-content\\\/uploads\\\/2023\\\/07\\\/cropped-2560px-Fake_Taxi_logo.svg_.png\",\"width\":394,\"height\":97,\"caption\":\"ABC Trans Sibenik, vl. Jakov Serajlic\"},\"image\":{\"@id\":\"https:\\\/\\\/abc-trans.hr\\\/#\\\/schema\\\/logo\\\/image\\\/\"},\"sameAs\":[\"https:\\\/\\\/www.facebook.com\\\/profile.php?id=100083106198872\"]}]}<\/script>\n<!-- \/ Yoast SEO plugin. -->","yoast_head_json":{"title":"VIP Taxi Sibenik | Airport Taxi Split | Airport Taxi Zadar","robots":{"index":"index","follow":"follow","max-snippet":"max-snippet:-1","max-image-preview":"max-image-preview:large","max-video-preview":"max-video-preview:-1"},"canonical":"https:\/\/abc-trans.hr\/hr\/vip-taxi-sibenik-airport-taxi-split-airport-taxi-zadar\/","og_locale":"hr_HR","og_type":"article","og_title":"VIP Taxi Sibenik | Airport Taxi Split | Airport Taxi Zadar","og_url":"https:\/\/abc-trans.hr\/hr\/vip-taxi-sibenik-airport-taxi-split-airport-taxi-zadar\/","og_site_name":"Taxi Sibenik - Sibenik Airport Transfer","article_publisher":"https:\/\/www.facebook.com\/profile.php?id=100083106198872","article_modified_time":"2025-04-21T18:36:26+00:00","og_image":[{"width":2066,"height":1181,"url":"https:\/\/abc-trans.hr\/wp-content\/uploads\/2025\/02\/vip-transfers-sibenik.jpg","type":"image\/jpeg"}],"twitter_card":"summary_large_image","twitter_misc":{"Procijenjeno vrijeme \u010ditanja":"1 minuta"},"schema":{"@context":"https:\/\/schema.org","@graph":[{"@type":"WebPage","@id":"https:\/\/abc-trans.hr\/hr\/vip-taxi-sibenik-airport-taxi-split-airport-taxi-zadar\/","url":"https:\/\/abc-trans.hr\/hr\/vip-taxi-sibenik-airport-taxi-split-airport-taxi-zadar\/","name":"VIP Taxi Sibenik | Airport Taxi Split | Airport Taxi Zadar","isPartOf":{"@id":"https:\/\/abc-trans.hr\/#website"},"datePublished":"2024-02-11T22:21:25+00:00","dateModified":"2025-04-21T18:36:26+00:00","breadcrumb":{"@id":"https:\/\/abc-trans.hr\/hr\/vip-taxi-sibenik-airport-taxi-split-airport-taxi-zadar\/#breadcrumb"},"inLanguage":"hr","potentialAction":[{"@type":"ReadAction","target":["https:\/\/abc-trans.hr\/hr\/vip-taxi-sibenik-airport-taxi-split-airport-taxi-zadar\/"]}]},{"@type":"BreadcrumbList","@id":"https:\/\/abc-trans.hr\/hr\/vip-taxi-sibenik-airport-taxi-split-airport-taxi-zadar\/#breadcrumb","itemListElement":[{"@type":"ListItem","position":1,"name":"Home","item":"https:\/\/abc-trans.hr\/hr\/"},{"@type":"ListItem","position":2,"name":"VIP Taxi Sibenik"}]},{"@type":"WebSite","@id":"https:\/\/abc-trans.hr\/#website","url":"https:\/\/abc-trans.hr\/","name":"Sibenik Taxi & Transfer Service | Airport Transfers & Excursions (Split, Zadar)","description":"Taxi Sibenik, Taxi Skradin, Taxi Vodice, Taxi Primosten, Airport Transfers","publisher":{"@id":"https:\/\/abc-trans.hr\/#organization"},"alternateName":"Sibenik Taxi & Airport Transfer Split Zadar","potentialAction":[{"@type":"SearchAction","target":{"@type":"EntryPoint","urlTemplate":"https:\/\/abc-trans.hr\/?s={search_term_string}"},"query-input":{"@type":"PropertyValueSpecification","valueRequired":true,"valueName":"search_term_string"}}],"inLanguage":"hr"},{"@type":"Organization","@id":"https:\/\/abc-trans.hr\/#organization","name":"ABC Trans Sibenik, vl. Jakov Serajlic","url":"https:\/\/abc-trans.hr\/","logo":{"@type":"ImageObject","inLanguage":"hr","@id":"https:\/\/abc-trans.hr\/#\/schema\/logo\/image\/","url":"https:\/\/abc-trans.hr\/wp-content\/uploads\/2023\/07\/cropped-2560px-Fake_Taxi_logo.svg_.png","contentUrl":"https:\/\/abc-trans.hr\/wp-content\/uploads\/2023\/07\/cropped-2560px-Fake_Taxi_logo.svg_.png","width":394,"height":97,"caption":"ABC Trans Sibenik, vl. Jakov Serajlic"},"image":{"@id":"https:\/\/abc-trans.hr\/#\/schema\/logo\/image\/"},"sameAs":["https:\/\/www.facebook.com\/profile.php?id=100083106198872"]}]}},"_links":{"self":[{"href":"https:\/\/abc-trans.hr\/hr\/wp-json\/wp\/v2\/pages\/1397","targetHints":{"allow":["GET"]}}],"collection":[{"href":"https:\/\/abc-trans.hr\/hr\/wp-json\/wp\/v2\/pages"}],"about":[{"href":"https:\/\/abc-trans.hr\/hr\/wp-json\/wp\/v2\/types\/page"}],"author":[{"embeddable":true,"href":"https:\/\/abc-trans.hr\/hr\/wp-json\/wp\/v2\/users\/1"}],"replies":[{"embeddable":true,"href":"https:\/\/abc-trans.hr\/hr\/wp-json\/wp\/v2\/comments?post=1397"}],"version-history":[{"count":6,"href":"https:\/\/abc-trans.hr\/hr\/wp-json\/wp\/v2\/pages\/1397\/revisions"}],"predecessor-version":[{"id":1544,"href":"https:\/\/abc-trans.hr\/hr\/wp-json\/wp\/v2\/pages\/1397\/revisions\/1544"}],"wp:attachment":[{"href":"https:\/\/abc-trans.hr\/hr\/wp-json\/wp\/v2\/media?parent=1397"}],"curies":[{"name":"wp","href":"https:\/\/api.w.org\/{rel}","templated":true}]}}